{"id":94,"date":"2025-10-23T16:31:12","date_gmt":"2025-10-23T14:31:12","guid":{"rendered":"https:\/\/wszufladzie.com.pl\/?page_id=94"},"modified":"2025-10-23T16:44:38","modified_gmt":"2025-10-23T14:44:38","slug":"czwarte-skrzydlo","status":"publish","type":"page","link":"https:\/\/wszufladzie.com.pl\/?page_id=94","title":{"rendered":"Czwarte skrzyd\u0142o"},"content":{"rendered":"\t\t<div data-elementor-type=\"wp-page\" data-elementor-id=\"94\" class=\"elementor elementor-94\">\n\t\t\t\t<div class=\"elementor-element elementor-element-c63083c e-flex e-con-boxed e-con e-parent\" data-id=\"c63083c\" data-element_type=\"container\">\n\t\t\t\t\t<div class=\"e-con-inner\">\n\t\t\t\t<div class=\"elementor-element elementor-element-110215e elementor-widget elementor-widget-heading\" data-id=\"110215e\" data-element_type=\"widget\" data-widget_type=\"heading.default\">\n\t\t\t\t\t<h2 class=\"elementor-heading-title elementor-size-default\">Czwarte skrzyd\u0142o<\/h2>\t\t\t\t<\/div>\n\t\t\t\t\t<\/div>\n\t\t\t\t<\/div>\n\t\t<div class=\"elementor-element elementor-element-5162014 e-flex e-con-boxed e-con e-parent\" data-id=\"5162014\" data-element_type=\"container\">\n\t\t\t\t\t<div class=\"e-con-inner\">\n\t\t\t\t<div class=\"elementor-element elementor-element-b7ffc4d elementor-widget elementor-widget-text-editor\" data-id=\"b7ffc4d\" data-element_type=\"widget\" data-widget_type=\"text-editor.default\">\n\t\t\t\t\t\t\t\t\t<p>Niekiedy warto zej\u015b\u0107 z piedesta\u0142u literatury pi\u0119knej, by zanurzy\u0107 si\u0119 w \u015bwiecie fantasy &#8211; niepowa\u017cnym, niewiarygodnym, bo obfituj\u0105cym\u00a0 w niespotykane w realnym \u017cyciu stwory, krainy nierozpoznawalne w naszej przestrzeni. Niejednokrotnie w tej literaturze obfituj\u0105cej\u00a0 \u00a0 \u00a0 \u00a0 \u00a0 w cuda wi\u0119cej jest poruszanych spraw wa\u017cnych, wywo\u0142uj\u0105cych emocje, o ogromnej rozpi\u0119to\u015bci tonalnej ni\u017c u przedstawiciela tzw. literatury pi\u0119knej.\u00a0\u00a0<\/p><p><i>Czwarte Skrzyd\u0142o<\/i> &#8211; bo o nim mowa &#8211; zachwyca r\u00f3\u017cnorodno\u015bci\u0105 poruszanych spraw. Od s\u0142abo\u015bci cz\u0142owieka, jej przezwyci\u0119\u017caniu, poprzez polityk\u0119, d\u0105\u017cenie do w\u0142adzy, omylno\u015b\u0107 ludzkich s\u0105d\u00f3w i wreszcie mi\u0142o\u015b\u0107, kt\u00f3ra wyp\u0142ywa z nieoczekiwanego \u017ar\u00f3d\u0142a niczym nag\u0142y wybuch wulkanu, b\u0119d\u0105cego od setek lat nieczynnym i nikomu nie przychodzi do g\u0142owy, \u017ce to w\u0142a\u015bnie on eksploduje. Oczywi\u015bcie &#8211; najciekawszym elementem w tym mozaikowym zbiorze jest cz\u0142owiek &#8211; kobieta &#8211; Violet Sorrengail &#8211; g\u0142\u00f3wna bohaterka, kt\u00f3r\u0105 czytelnik poznaje od strony&#8230; jej s\u0142abo\u015bci, pewnego rodzaju fizycznej u\u0142omno\u015bci, kt\u00f3ra pozornie identyfikuje t\u0119 posta\u0107. Pozornie &#8211; bowiem okazuje si\u0119, \u017ce wspomniana bohaterka znajduje w sobie si\u0142\u0119. By\u0107 mo\u017ce nigdy nie odkry\u0142aby jej \u017ar\u00f3d\u0142a, ale matka zsy\u0142a j\u0105 do szko\u0142y dla smoczych wojownik\u00f3w zamiast do pracowni skryb\u00f3w, do czego by\u0142a przez wiele lat przygotowywana. W\u0105t\u0142a, aczkolwiek piekielnie inteligentna z dor\u00f3wnuj\u0105cym jej umys\u0142owi ci\u0119tym j\u0119zykiem, staje na mo\u015bcie zawieszonym wiele st\u00f3p nad ziemi\u0105 &#8211; prowadz\u0105cym do szko\u0142y &#8211; i musi go przej\u015b\u0107, chocia\u017c wielu przed ni\u0105 spad\u0142o. To jedna z pr\u00f3b, kt\u00f3rym poddani b\u0119d\u0105 nowi rekruci. I chocia\u017c wiadomo, \u017ce bohaterka musi prze\u017cy\u0107, bowiem jej \u015bmier\u0107 na pocz\u0105tku tej fascynuj\u0105cej lektury nie mia\u0142aby sensu, to w tej powie\u015bci nic nie jest oczywiste.\u00a0\u00a0<\/p><p>Dobro &#8211; z\u0142o; lojalno\u015b\u0107 &#8211; zdrada; moc &#8211; s\u0142abo\u015b\u0107 zdaj\u0105 si\u0119 nie by\u0107 jednoznaczne, a raczej trudno dopasowa\u0107 je do okre\u015blonych postaci\u00a0 \u00a0 \u00a0 czy zdarze\u0144. I je\u015bli czytelnik odwa\u017cy si\u0119 kt\u00f3r\u0105\u015b z wymienionych kategorii jednoznacznie czemu\u015b przypisa\u0107&#8230; ju\u017c jest zgubiony. Autorka wywraca do g\u00f3ry nogami dotychczas ustalony porz\u0105dek i \u015bwiat, w kt\u00f3rym czytelnik ju\u017c si\u0119 zadomowi\u0142, nagle staje si\u0119 on nieznany\u00a0 \u00a0 \u00a0 \u00a0 \u00a0 \u00a0 \u00a0i ponownie nale\u017cy go eksplorowa\u0107.\u00a0\u00a0<\/p><p>Friedrich Nietzsche powiedzia\u0142 &#8211; <i>Kiedy spogl\u0105dasz w otch\u0142a\u0144, ona r\u00f3wnie\u017c patrzy na Ciebie<\/i> &#8211; i ja spojrza\u0142em w <i>Czwarte skrzyd\u0142o<\/i>, a jego \u015bwiat odbi\u0142 si\u0119 we mnie, dotkn\u0105\u0142 moich s\u0142abo\u015bci i pragnie\u0144. Znam to uczucie, poniewa\u017c jeszcze pot\u0119\u017cniejsze dopada mnie w\u00f3wczas, kiedy spogl\u0105dam w oczy Ukochanej Kobiety. W <i>Jej <\/i>oczach odbija si\u0119 prawda o mnie samym, penetruje wn\u0119trze a\u017c do granic mego jestestwa.<i> Jej <\/i>niespotykane spojrzenie na \u015bwiat u\u015bwiadamia mi niepowtarzalno\u015b\u0107 ka\u017cdej chwili. I dlatego t\u0119 skromn\u0105 pseudo recenzj\u0119 dedykuj\u0119 <i>Ukochanej<\/i>.<\/p><p><i>Z wyrazami mi\u0142o\u015bci<\/i>\u00a0<\/p><p>Micha\u0142<\/p>\t\t\t\t\t\t\t\t<\/div>\n\t\t\t\t\t<\/div>\n\t\t\t\t<\/div>\n\t\t\t\t<\/div>\n\t\t","protected":false},"excerpt":{"rendered":"<p>Czwarte skrzyd\u0142o Niekiedy warto zej\u015b\u0107 z piedesta\u0142u literatury pi\u0119knej, by zanurzy\u0107 si\u0119 w \u015bwiecie fantasy &#8211; niepowa\u017cnym, niewiarygodnym, bo obfituj\u0105cym\u00a0 w niespotykane w realnym \u017cyciu stwory, krainy nierozpoznawalne w naszej przestrzeni. Niejednokrotnie w tej literaturze obfituj\u0105cej\u00a0 \u00a0 \u00a0 \u00a0 \u00a0 w cuda wi\u0119cej jest poruszanych spraw wa\u017cnych, wywo\u0142uj\u0105cych emocje, o ogromnej rozpi\u0119to\u015bci tonalnej ni\u017c u [&hellip;]<\/p>\n","protected":false},"author":1,"featured_media":0,"parent":0,"menu_order":0,"comment_status":"closed","ping_status":"closed","template":"","meta":{"footnotes":""},"class_list":["post-94","page","type-page","status-publish","czr-hentry"],"_links":{"self":[{"href":"https:\/\/wszufladzie.com.pl\/index.php?rest_route=\/wp\/v2\/pages\/94","targetHints":{"allow":["GET"]}}],"collection":[{"href":"https:\/\/wszufladzie.com.pl\/index.php?rest_route=\/wp\/v2\/pages"}],"about":[{"href":"https:\/\/wszufladzie.com.pl\/index.php?rest_route=\/wp\/v2\/types\/page"}],"author":[{"embeddable":true,"href":"https:\/\/wszufladzie.com.pl\/index.php?rest_route=\/wp\/v2\/users\/1"}],"replies":[{"embeddable":true,"href":"https:\/\/wszufladzie.com.pl\/index.php?rest_route=%2Fwp%2Fv2%2Fcomments&post=94"}],"version-history":[{"count":11,"href":"https:\/\/wszufladzie.com.pl\/index.php?rest_route=\/wp\/v2\/pages\/94\/revisions"}],"predecessor-version":[{"id":109,"href":"https:\/\/wszufladzie.com.pl\/index.php?rest_route=\/wp\/v2\/pages\/94\/revisions\/109"}],"wp:attachment":[{"href":"https:\/\/wszufladzie.com.pl\/index.php?rest_route=%2Fwp%2Fv2%2Fmedia&parent=94"}],"curies":[{"name":"wp","href":"https:\/\/api.w.org\/{rel}","templated":true}]}}