{"id":70,"date":"2025-10-23T14:16:04","date_gmt":"2025-10-23T12:16:04","guid":{"rendered":"https:\/\/wszufladzie.com.pl\/?page_id=70"},"modified":"2025-10-23T14:31:22","modified_gmt":"2025-10-23T12:31:22","slug":"elementor-70","status":"publish","type":"page","link":"https:\/\/wszufladzie.com.pl\/?page_id=70","title":{"rendered":"Literatura"},"content":{"rendered":"\t\t<div data-elementor-type=\"wp-page\" data-elementor-id=\"70\" class=\"elementor elementor-70\">\n\t\t\t\t<div class=\"elementor-element elementor-element-bef858d e-flex e-con-boxed e-con e-parent\" data-id=\"bef858d\" data-element_type=\"container\">\n\t\t\t\t\t<div class=\"e-con-inner\">\n\t\t\t\t<div class=\"elementor-element elementor-element-57e94d5 elementor-widget elementor-widget-heading\" data-id=\"57e94d5\" data-element_type=\"widget\" data-widget_type=\"heading.default\">\n\t\t\t\t\t<h2 class=\"elementor-heading-title elementor-size-default\">Literatura<\/h2>\t\t\t\t<\/div>\n\t\t\t\t\t<\/div>\n\t\t\t\t<\/div>\n\t\t<div class=\"elementor-element elementor-element-a9b0632 e-flex e-con-boxed e-con e-parent\" data-id=\"a9b0632\" data-element_type=\"container\">\n\t\t\t\t\t<div class=\"e-con-inner\">\n\t\t\t\t<div class=\"elementor-element elementor-element-aa8c333 elementor-widget elementor-widget-text-editor\" data-id=\"aa8c333\" data-element_type=\"widget\" data-widget_type=\"text-editor.default\">\n\t\t\t\t\t\t\t\t\t<p>Par\u0119 s\u0142\u00f3w Rudej o literaturze<\/p>\t\t\t\t\t\t\t\t<\/div>\n\t\t\t\t\t<\/div>\n\t\t\t\t<\/div>\n\t\t<div class=\"elementor-element elementor-element-806669f e-flex e-con-boxed e-con e-parent\" data-id=\"806669f\" data-element_type=\"container\">\n\t\t\t\t\t<div class=\"e-con-inner\">\n\t\t\t\t<div class=\"elementor-element elementor-element-a68797b elementor-align-center elementor-widget elementor-widget-button\" data-id=\"a68797b\" data-element_type=\"widget\" data-widget_type=\"button.default\">\n\t\t\t\t\t\t\t\t\t\t<a class=\"elementor-button elementor-button-link elementor-size-sm\" href=\"https:\/\/wszufladzie.com.pl\/?page_id=47\">\n\t\t\t\t\t\t<span class=\"elementor-button-content-wrapper\">\n\t\t\t\t\t\t\t\t\t<span class=\"elementor-button-text\">Zapraszamy do lektury<\/span>\n\t\t\t\t\t<\/span>\n\t\t\t\t\t<\/a>\n\t\t\t\t\t\t\t\t<\/div>\n\t\t\t\t\t<\/div>\n\t\t\t\t<\/div>\n\t\t\t\t<\/div>\n\t\t","protected":false},"excerpt":{"rendered":"<p>Literatura Par\u0119 s\u0142\u00f3w Rudej o literaturze Zapraszamy do lektury<\/p>\n","protected":false},"author":1,"featured_media":0,"parent":0,"menu_order":0,"comment_status":"closed","ping_status":"closed","template":"","meta":{"footnotes":""},"class_list":["post-70","page","type-page","status-publish","czr-hentry"],"_links":{"self":[{"href":"https:\/\/wszufladzie.com.pl\/index.php?rest_route=\/wp\/v2\/pages\/70","targetHints":{"allow":["GET"]}}],"collection":[{"href":"https:\/\/wszufladzie.com.pl\/index.php?rest_route=\/wp\/v2\/pages"}],"about":[{"href":"https:\/\/wszufladzie.com.pl\/index.php?rest_route=\/wp\/v2\/types\/page"}],"author":[{"embeddable":true,"href":"https:\/\/wszufladzie.com.pl\/index.php?rest_route=\/wp\/v2\/users\/1"}],"replies":[{"embeddable":true,"href":"https:\/\/wszufladzie.com.pl\/index.php?rest_route=%2Fwp%2Fv2%2Fcomments&post=70"}],"version-history":[{"count":14,"href":"https:\/\/wszufladzie.com.pl\/index.php?rest_route=\/wp\/v2\/pages\/70\/revisions"}],"predecessor-version":[{"id":87,"href":"https:\/\/wszufladzie.com.pl\/index.php?rest_route=\/wp\/v2\/pages\/70\/revisions\/87"}],"wp:attachment":[{"href":"https:\/\/wszufladzie.com.pl\/index.php?rest_route=%2Fwp%2Fv2%2Fmedia&parent=70"}],"curies":[{"name":"wp","href":"https:\/\/api.w.org\/{rel}","templated":true}]}}