{"id":47,"date":"2025-10-23T12:55:35","date_gmt":"2025-10-23T10:55:35","guid":{"rendered":"https:\/\/wszufladzie.com.pl\/?page_id=47"},"modified":"2025-10-26T12:28:58","modified_gmt":"2025-10-26T11:28:58","slug":"zapraszamy-do-lektury","status":"publish","type":"page","link":"https:\/\/wszufladzie.com.pl\/?page_id=47","title":{"rendered":"Zapraszamy do lektury"},"content":{"rendered":"\t\t<div data-elementor-type=\"wp-page\" data-elementor-id=\"47\" class=\"elementor elementor-47\">\n\t\t\t\t<div class=\"elementor-element elementor-element-e397d2f e-flex e-con-boxed e-con e-parent\" data-id=\"e397d2f\" data-element_type=\"container\">\n\t\t\t\t\t<div class=\"e-con-inner\">\n\t\t\t\t<div class=\"elementor-element elementor-element-ebf85d7 elementor-widget elementor-widget-heading\" data-id=\"ebf85d7\" data-element_type=\"widget\" data-widget_type=\"heading.default\">\n\t\t\t\t\t<h2 class=\"elementor-heading-title elementor-size-default\">Zapraszamy do lektury...<\/h2>\t\t\t\t<\/div>\n\t\t\t\t\t<\/div>\n\t\t\t\t<\/div>\n\t\t<div class=\"elementor-element elementor-element-495f528 e-grid e-con-boxed e-con e-parent\" data-id=\"495f528\" data-element_type=\"container\">\n\t\t\t\t\t<div class=\"e-con-inner\">\n\t\t\t\t<div class=\"elementor-element elementor-element-31d4632 elementor-widget elementor-widget-image\" data-id=\"31d4632\" data-element_type=\"widget\" data-widget_type=\"image.default\">\n\t\t\t\t\t\t\t\t\t\t\t\t<figure class=\"wp-caption\">\n\t\t\t\t\t\t\t\t\t\t\t<a href=\"https:\/\/wszufladzie.com.pl\/?page_id=94\">\n\t\t\t\t\t\t\t<img fetchpriority=\"high\" decoding=\"async\" width=\"1024\" height=\"768\" src=\"https:\/\/wszufladzie.com.pl\/wp-content\/uploads\/2025\/10\/4skrzydlo_poziom-1024x768.jpg\" class=\"attachment-large size-large wp-image-49\" alt=\"\" srcset=\"https:\/\/wszufladzie.com.pl\/wp-content\/uploads\/2025\/10\/4skrzydlo_poziom-1024x768.jpg 1024w, https:\/\/wszufladzie.com.pl\/wp-content\/uploads\/2025\/10\/4skrzydlo_poziom-300x225.jpg 300w, https:\/\/wszufladzie.com.pl\/wp-content\/uploads\/2025\/10\/4skrzydlo_poziom-768x576.jpg 768w, https:\/\/wszufladzie.com.pl\/wp-content\/uploads\/2025\/10\/4skrzydlo_poziom-1536x1152.jpg 1536w, https:\/\/wszufladzie.com.pl\/wp-content\/uploads\/2025\/10\/4skrzydlo_poziom-2048x1536.jpg 2048w\" sizes=\"(max-width: 1024px) 100vw, 1024px\" \/>\t\t\t\t\t\t\t\t<\/a>\n\t\t\t\t\t\t\t\t\t\t\t<figcaption class=\"widget-image-caption wp-caption-text\">Czwarte skrzyd\u0142o<\/figcaption>\n\t\t\t\t\t\t\t\t\t\t<\/figure>\n\t\t\t\t\t\t\t\t\t<\/div>\n\t\t\t\t<div class=\"elementor-element elementor-element-6991601 elementor-widget elementor-widget-image\" data-id=\"6991601\" data-element_type=\"widget\" data-widget_type=\"image.default\">\n\t\t\t\t\t\t\t\t\t\t\t\t<figure class=\"wp-caption\">\n\t\t\t\t\t\t\t\t\t\t\t<a href=\"https:\/\/wszufladzie.com.pl\/?page_id=110\">\n\t\t\t\t\t\t\t<img decoding=\"async\" width=\"1024\" height=\"768\" src=\"https:\/\/wszufladzie.com.pl\/wp-content\/uploads\/2025\/10\/20251025_131102-1024x768.jpg\" class=\"attachment-large size-large wp-image-113\" alt=\"\" srcset=\"https:\/\/wszufladzie.com.pl\/wp-content\/uploads\/2025\/10\/20251025_131102-1024x768.jpg 1024w, https:\/\/wszufladzie.com.pl\/wp-content\/uploads\/2025\/10\/20251025_131102-300x225.jpg 300w, https:\/\/wszufladzie.com.pl\/wp-content\/uploads\/2025\/10\/20251025_131102-768x576.jpg 768w, https:\/\/wszufladzie.com.pl\/wp-content\/uploads\/2025\/10\/20251025_131102-1536x1152.jpg 1536w, https:\/\/wszufladzie.com.pl\/wp-content\/uploads\/2025\/10\/20251025_131102-2048x1536.jpg 2048w\" sizes=\"(max-width: 1024px) 100vw, 1024px\" \/>\t\t\t\t\t\t\t\t<\/a>\n\t\t\t\t\t\t\t\t\t\t\t<figcaption class=\"widget-image-caption wp-caption-text\">Mistrz i Ma\u0142gorzata<\/figcaption>\n\t\t\t\t\t\t\t\t\t\t<\/figure>\n\t\t\t\t\t\t\t\t\t<\/div>\n\t\t\t\t<div class=\"elementor-element elementor-element-2f45249 elementor-widget elementor-widget-image\" data-id=\"2f45249\" data-element_type=\"widget\" data-widget_type=\"image.default\">\n\t\t\t\t\t\t\t\t\t\t\t\t<figure class=\"wp-caption\">\n\t\t\t\t\t\t\t\t\t\t\t<a href=\"https:\/\/wszufladzie.com.pl\/?page_id=172\">\n\t\t\t\t\t\t\t<img decoding=\"async\" width=\"768\" height=\"576\" src=\"https:\/\/wszufladzie.com.pl\/wp-content\/uploads\/2025\/10\/20251026_122433-768x576.jpg\" class=\"attachment-medium_large size-medium_large wp-image-168\" alt=\"\" srcset=\"https:\/\/wszufladzie.com.pl\/wp-content\/uploads\/2025\/10\/20251026_122433-768x576.jpg 768w, https:\/\/wszufladzie.com.pl\/wp-content\/uploads\/2025\/10\/20251026_122433-300x225.jpg 300w, https:\/\/wszufladzie.com.pl\/wp-content\/uploads\/2025\/10\/20251026_122433-1024x768.jpg 1024w, https:\/\/wszufladzie.com.pl\/wp-content\/uploads\/2025\/10\/20251026_122433-1536x1152.jpg 1536w, https:\/\/wszufladzie.com.pl\/wp-content\/uploads\/2025\/10\/20251026_122433-2048x1536.jpg 2048w\" sizes=\"(max-width: 768px) 100vw, 768px\" \/>\t\t\t\t\t\t\t\t<\/a>\n\t\t\t\t\t\t\t\t\t\t\t<figcaption class=\"widget-image-caption wp-caption-text\">Ksi\u0119ga drogi i dobra<\/figcaption>\n\t\t\t\t\t\t\t\t\t\t<\/figure>\n\t\t\t\t\t\t\t\t\t<\/div>\n\t\t\t\t\t<\/div>\n\t\t\t\t<\/div>\n\t\t\t\t<\/div>\n\t\t","protected":false},"excerpt":{"rendered":"<p>Zapraszamy do lektury&#8230; Czwarte skrzyd\u0142o Mistrz i Ma\u0142gorzata Ksi\u0119ga drogi i dobra<\/p>\n","protected":false},"author":1,"featured_media":0,"parent":0,"menu_order":0,"comment_status":"closed","ping_status":"closed","template":"","meta":{"footnotes":""},"class_list":["post-47","page","type-page","status-publish","czr-hentry"],"_links":{"self":[{"href":"https:\/\/wszufladzie.com.pl\/index.php?rest_route=\/wp\/v2\/pages\/47","targetHints":{"allow":["GET"]}}],"collection":[{"href":"https:\/\/wszufladzie.com.pl\/index.php?rest_route=\/wp\/v2\/pages"}],"about":[{"href":"https:\/\/wszufladzie.com.pl\/index.php?rest_route=\/wp\/v2\/types\/page"}],"author":[{"embeddable":true,"href":"https:\/\/wszufladzie.com.pl\/index.php?rest_route=\/wp\/v2\/users\/1"}],"replies":[{"embeddable":true,"href":"https:\/\/wszufladzie.com.pl\/index.php?rest_route=%2Fwp%2Fv2%2Fcomments&post=47"}],"version-history":[{"count":24,"href":"https:\/\/wszufladzie.com.pl\/index.php?rest_route=\/wp\/v2\/pages\/47\/revisions"}],"predecessor-version":[{"id":179,"href":"https:\/\/wszufladzie.com.pl\/index.php?rest_route=\/wp\/v2\/pages\/47\/revisions\/179"}],"wp:attachment":[{"href":"https:\/\/wszufladzie.com.pl\/index.php?rest_route=%2Fwp%2Fv2%2Fmedia&parent=47"}],"curies":[{"name":"wp","href":"https:\/\/api.w.org\/{rel}","templated":true}]}}