{"id":38,"date":"2025-10-22T15:46:55","date_gmt":"2025-10-22T13:46:55","guid":{"rendered":"https:\/\/wszufladzie.com.pl\/?page_id=38"},"modified":"2026-01-29T15:17:50","modified_gmt":"2026-01-29T14:17:50","slug":"byc-poeta","status":"publish","type":"page","link":"https:\/\/wszufladzie.com.pl\/?page_id=38","title":{"rendered":"By\u0107 poet\u0105"},"content":{"rendered":"\t\t<div data-elementor-type=\"wp-page\" data-elementor-id=\"38\" class=\"elementor elementor-38\">\n\t\t\t\t<div class=\"elementor-element elementor-element-643bf62b e-flex e-con-boxed e-con e-parent\" data-id=\"643bf62b\" data-element_type=\"container\">\n\t\t\t\t\t<div class=\"e-con-inner\">\n\t\t\t\t<div class=\"elementor-element elementor-element-737f87a7 elementor-widget elementor-widget-text-editor\" data-id=\"737f87a7\" data-element_type=\"widget\" data-widget_type=\"text-editor.default\">\n\t\t\t\t\t\t\t\t\t\n<p>T.S. Eliot w zamierzch\u0142ych ju\u017c czasach napisa\u0142:<\/p>\n\n\n\n<p><em>\u201ePoezja nie s\u0142u\u017cy wy\u0142adowaniu emocji, lecz ucieczce od emocji; nie s\u0142u\u017cy wyra\u017ceniu osobowo\u015bci, lecz ucieczce od osobowo\u015bci. Ale oczywi\u015bcie tylko ci, kt\u00f3rzy maj\u0105 osobowo\u015b\u0107 i emocje, wiedz\u0105, co to znaczy chcie\u0107 od tego uciec\u201d<\/em>.<\/p>\n\n\n\n<p>Zatem niechaj ta skromna przestrze\u0144 stanie si\u0119 ucieczk\u0105 od codzienno\u015bci, szablonowego postrzegania nas samych, a mo\u017ce &#8211; tak po prostu &#8211; wystukania na perkusji tego, co w duszy nam gra? <\/p>\n\t\t\t\t\t\t\t\t<\/div>\n\t\t\t\t\t<\/div>\n\t\t\t\t<\/div>\n\t\t<div class=\"elementor-element elementor-element-d35a33e e-grid e-con-boxed e-con e-parent\" data-id=\"d35a33e\" data-element_type=\"container\">\n\t\t\t\t\t<div class=\"e-con-inner\">\n\t\t\t\t<div class=\"elementor-element elementor-element-29cc7ee elementor-widget elementor-widget-image\" data-id=\"29cc7ee\" data-element_type=\"widget\" data-widget_type=\"image.default\">\n\t\t\t\t\t\t\t\t\t\t\t\t<figure class=\"wp-caption\">\n\t\t\t\t\t\t\t\t\t\t\t<a href=\"https:\/\/wszufladzie.com.pl\/?page_id=245\">\n\t\t\t\t\t\t\t<img fetchpriority=\"high\" decoding=\"async\" width=\"1024\" height=\"768\" src=\"https:\/\/wszufladzie.com.pl\/wp-content\/uploads\/2026\/01\/20200712_130631-1024x768.jpg\" class=\"attachment-large size-large wp-image-244\" alt=\"\" srcset=\"https:\/\/wszufladzie.com.pl\/wp-content\/uploads\/2026\/01\/20200712_130631-1024x768.jpg 1024w, https:\/\/wszufladzie.com.pl\/wp-content\/uploads\/2026\/01\/20200712_130631-300x225.jpg 300w, https:\/\/wszufladzie.com.pl\/wp-content\/uploads\/2026\/01\/20200712_130631-768x576.jpg 768w, https:\/\/wszufladzie.com.pl\/wp-content\/uploads\/2026\/01\/20200712_130631-1536x1152.jpg 1536w, https:\/\/wszufladzie.com.pl\/wp-content\/uploads\/2026\/01\/20200712_130631-2048x1536.jpg 2048w\" sizes=\"(max-width: 1024px) 100vw, 1024px\" \/>\t\t\t\t\t\t\t\t<\/a>\n\t\t\t\t\t\t\t\t\t\t\t<figcaption class=\"widget-image-caption wp-caption-text\">Dzi\u015b \u015bwiat mi nie sprzyja<\/figcaption>\n\t\t\t\t\t\t\t\t\t\t<\/figure>\n\t\t\t\t\t\t\t\t\t<\/div>\n\t\t\t\t\t<\/div>\n\t\t\t\t<\/div>\n\t\t\t\t<\/div>\n\t\t","protected":false},"excerpt":{"rendered":"<p>T.S. Eliot w zamierzch\u0142ych ju\u017c czasach napisa\u0142: \u201ePoezja nie s\u0142u\u017cy wy\u0142adowaniu emocji, lecz ucieczce od emocji; nie s\u0142u\u017cy wyra\u017ceniu osobowo\u015bci, lecz ucieczce od osobowo\u015bci. Ale oczywi\u015bcie tylko ci, kt\u00f3rzy maj\u0105 osobowo\u015b\u0107 i emocje, wiedz\u0105, co to znaczy chcie\u0107 od tego uciec\u201d. Zatem niechaj ta skromna przestrze\u0144 stanie si\u0119 ucieczk\u0105 od codzienno\u015bci, szablonowego postrzegania nas samych, [&hellip;]<\/p>\n","protected":false},"author":1,"featured_media":0,"parent":0,"menu_order":0,"comment_status":"closed","ping_status":"closed","template":"","meta":{"footnotes":""},"class_list":["post-38","page","type-page","status-publish","czr-hentry"],"_links":{"self":[{"href":"https:\/\/wszufladzie.com.pl\/index.php?rest_route=\/wp\/v2\/pages\/38","targetHints":{"allow":["GET"]}}],"collection":[{"href":"https:\/\/wszufladzie.com.pl\/index.php?rest_route=\/wp\/v2\/pages"}],"about":[{"href":"https:\/\/wszufladzie.com.pl\/index.php?rest_route=\/wp\/v2\/types\/page"}],"author":[{"embeddable":true,"href":"https:\/\/wszufladzie.com.pl\/index.php?rest_route=\/wp\/v2\/users\/1"}],"replies":[{"embeddable":true,"href":"https:\/\/wszufladzie.com.pl\/index.php?rest_route=%2Fwp%2Fv2%2Fcomments&post=38"}],"version-history":[{"count":9,"href":"https:\/\/wszufladzie.com.pl\/index.php?rest_route=\/wp\/v2\/pages\/38\/revisions"}],"predecessor-version":[{"id":253,"href":"https:\/\/wszufladzie.com.pl\/index.php?rest_route=\/wp\/v2\/pages\/38\/revisions\/253"}],"wp:attachment":[{"href":"https:\/\/wszufladzie.com.pl\/index.php?rest_route=%2Fwp%2Fv2%2Fmedia&parent=38"}],"curies":[{"name":"wp","href":"https:\/\/api.w.org\/{rel}","templated":true}]}}