{"id":32,"date":"2025-10-22T15:42:37","date_gmt":"2025-10-22T13:42:37","guid":{"rendered":"https:\/\/wszufladzie.com.pl\/?page_id=32"},"modified":"2026-01-29T15:12:26","modified_gmt":"2026-01-29T14:12:26","slug":"podroze","status":"publish","type":"page","link":"https:\/\/wszufladzie.com.pl\/?page_id=32","title":{"rendered":"Podr\u00f3\u017ce"},"content":{"rendered":"\t\t<div data-elementor-type=\"wp-page\" data-elementor-id=\"32\" class=\"elementor elementor-32\">\n\t\t\t\t<div class=\"elementor-element elementor-element-cd8cbcf e-flex e-con-boxed e-con e-parent\" data-id=\"cd8cbcf\" data-element_type=\"container\">\n\t\t\t\t\t<div class=\"e-con-inner\">\n\t\t\t\t<div class=\"elementor-element elementor-element-422ef2f elementor-widget elementor-widget-heading\" data-id=\"422ef2f\" data-element_type=\"widget\" data-widget_type=\"heading.default\">\n\t\t\t\t\t<h2 class=\"elementor-heading-title elementor-size-default\">Podr\u00f3\u017ce ma\u0142e i du\u017ce...<\/h2>\t\t\t\t<\/div>\n\t\t\t\t\t<\/div>\n\t\t\t\t<\/div>\n\t\t<div class=\"elementor-element elementor-element-acf5b23 e-grid e-con-boxed e-con e-parent\" data-id=\"acf5b23\" data-element_type=\"container\">\n\t\t\t\t\t<div class=\"e-con-inner\">\n\t\t\t\t<div class=\"elementor-element elementor-element-59dd920 elementor-widget elementor-widget-image\" data-id=\"59dd920\" data-element_type=\"widget\" data-widget_type=\"image.default\">\n\t\t\t\t\t\t\t\t\t\t\t\t<figure class=\"wp-caption\">\n\t\t\t\t\t\t\t\t\t\t\t<a href=\"https:\/\/wszufladzie.com.pl\/?page_id=131\">\n\t\t\t\t\t\t\t<img fetchpriority=\"high\" decoding=\"async\" width=\"300\" height=\"200\" src=\"https:\/\/wszufladzie.com.pl\/wp-content\/uploads\/2025\/10\/DSCF0323-300x200.jpg\" class=\"attachment-medium size-medium wp-image-127\" alt=\"\" srcset=\"https:\/\/wszufladzie.com.pl\/wp-content\/uploads\/2025\/10\/DSCF0323-300x200.jpg 300w, https:\/\/wszufladzie.com.pl\/wp-content\/uploads\/2025\/10\/DSCF0323-1024x683.jpg 1024w, https:\/\/wszufladzie.com.pl\/wp-content\/uploads\/2025\/10\/DSCF0323-768x512.jpg 768w, https:\/\/wszufladzie.com.pl\/wp-content\/uploads\/2025\/10\/DSCF0323-1536x1024.jpg 1536w, https:\/\/wszufladzie.com.pl\/wp-content\/uploads\/2025\/10\/DSCF0323-2048x1365.jpg 2048w\" sizes=\"(max-width: 300px) 100vw, 300px\" \/>\t\t\t\t\t\t\t\t<\/a>\n\t\t\t\t\t\t\t\t\t\t\t<figcaption class=\"widget-image-caption wp-caption-text\">Wiede\u0144_2025<\/figcaption>\n\t\t\t\t\t\t\t\t\t\t<\/figure>\n\t\t\t\t\t\t\t\t\t<\/div>\n\t\t<div class=\"elementor-element elementor-element-304119c e-con-full e-flex e-con e-child\" data-id=\"304119c\" data-element_type=\"container\">\n\t\t\t\t<div class=\"elementor-element elementor-element-28dbd4f elementor-widget elementor-widget-image\" data-id=\"28dbd4f\" data-element_type=\"widget\" data-widget_type=\"image.default\">\n\t\t\t\t\t\t\t\t\t\t\t\t<figure class=\"wp-caption\">\n\t\t\t\t\t\t\t\t\t\t\t<a href=\"https:\/\/wszufladzie.com.pl\/?page_id=234\" rel=\"nofollow\">\n\t\t\t\t\t\t\t<img decoding=\"async\" width=\"1024\" height=\"768\" src=\"https:\/\/wszufladzie.com.pl\/wp-content\/uploads\/2026\/01\/20220802_121107-1-1024x768.jpg\" class=\"attachment-large size-large wp-image-229\" alt=\"\" srcset=\"https:\/\/wszufladzie.com.pl\/wp-content\/uploads\/2026\/01\/20220802_121107-1-1024x768.jpg 1024w, https:\/\/wszufladzie.com.pl\/wp-content\/uploads\/2026\/01\/20220802_121107-1-300x225.jpg 300w, https:\/\/wszufladzie.com.pl\/wp-content\/uploads\/2026\/01\/20220802_121107-1-768x576.jpg 768w, https:\/\/wszufladzie.com.pl\/wp-content\/uploads\/2026\/01\/20220802_121107-1-1536x1152.jpg 1536w, https:\/\/wszufladzie.com.pl\/wp-content\/uploads\/2026\/01\/20220802_121107-1-2048x1536.jpg 2048w\" sizes=\"(max-width: 1024px) 100vw, 1024px\" \/>\t\t\t\t\t\t\t\t<\/a>\n\t\t\t\t\t\t\t\t\t\t\t<figcaption class=\"widget-image-caption wp-caption-text\">Z\u0142ota Praga <\/figcaption>\n\t\t\t\t\t\t\t\t\t\t<\/figure>\n\t\t\t\t\t\t\t\t\t<\/div>\n\t\t\t\t<\/div>\n\t\t\t\t\t<\/div>\n\t\t\t\t<\/div>\n\t\t\t\t<\/div>\n\t\t","protected":false},"excerpt":{"rendered":"<p>Podr\u00f3\u017ce ma\u0142e i du\u017ce&#8230; Wiede\u0144_2025 Z\u0142ota Praga<\/p>\n","protected":false},"author":1,"featured_media":0,"parent":0,"menu_order":0,"comment_status":"closed","ping_status":"closed","template":"","meta":{"footnotes":""},"class_list":["post-32","page","type-page","status-publish","czr-hentry"],"_links":{"self":[{"href":"https:\/\/wszufladzie.com.pl\/index.php?rest_route=\/wp\/v2\/pages\/32","targetHints":{"allow":["GET"]}}],"collection":[{"href":"https:\/\/wszufladzie.com.pl\/index.php?rest_route=\/wp\/v2\/pages"}],"about":[{"href":"https:\/\/wszufladzie.com.pl\/index.php?rest_route=\/wp\/v2\/types\/page"}],"author":[{"embeddable":true,"href":"https:\/\/wszufladzie.com.pl\/index.php?rest_route=\/wp\/v2\/users\/1"}],"replies":[{"embeddable":true,"href":"https:\/\/wszufladzie.com.pl\/index.php?rest_route=%2Fwp%2Fv2%2Fcomments&post=32"}],"version-history":[{"count":22,"href":"https:\/\/wszufladzie.com.pl\/index.php?rest_route=\/wp\/v2\/pages\/32\/revisions"}],"predecessor-version":[{"id":242,"href":"https:\/\/wszufladzie.com.pl\/index.php?rest_route=\/wp\/v2\/pages\/32\/revisions\/242"}],"wp:attachment":[{"href":"https:\/\/wszufladzie.com.pl\/index.php?rest_route=%2Fwp%2Fv2%2Fmedia&parent=32"}],"curies":[{"name":"wp","href":"https:\/\/api.w.org\/{rel}","templated":true}]}}