{"id":11,"date":"2025-10-20T18:14:35","date_gmt":"2025-10-20T16:14:35","guid":{"rendered":"https:\/\/wszufladzie.com.pl\/?page_id=11"},"modified":"2025-10-22T15:39:01","modified_gmt":"2025-10-22T13:39:01","slug":"o-stronie","status":"publish","type":"page","link":"https:\/\/wszufladzie.com.pl\/","title":{"rendered":"Strona g\u0142\u00f3wna"},"content":{"rendered":"\n<p>To b\u0119dzie g\u0142\u00f3wna &#8211; powitalna<\/p>\n\n\n\n<p>Ten motyw mieli\u015bmy poprzednio &#8211; odnalaz\u0142em go, ufff<\/p>\n\n\n\n<p><\/p>\n","protected":false},"excerpt":{"rendered":"<p>To b\u0119dzie g\u0142\u00f3wna &#8211; powitalna Ten motyw mieli\u015bmy poprzednio &#8211; odnalaz\u0142em go, ufff<\/p>\n","protected":false},"author":1,"featured_media":0,"parent":0,"menu_order":0,"comment_status":"closed","ping_status":"closed","template":"","meta":{"footnotes":""},"class_list":["post-11","page","type-page","status-publish","czr-hentry"],"_links":{"self":[{"href":"https:\/\/wszufladzie.com.pl\/index.php?rest_route=\/wp\/v2\/pages\/11","targetHints":{"allow":["GET"]}}],"collection":[{"href":"https:\/\/wszufladzie.com.pl\/index.php?rest_route=\/wp\/v2\/pages"}],"about":[{"href":"https:\/\/wszufladzie.com.pl\/index.php?rest_route=\/wp\/v2\/types\/page"}],"author":[{"embeddable":true,"href":"https:\/\/wszufladzie.com.pl\/index.php?rest_route=\/wp\/v2\/users\/1"}],"replies":[{"embeddable":true,"href":"https:\/\/wszufladzie.com.pl\/index.php?rest_route=%2Fwp%2Fv2%2Fcomments&post=11"}],"version-history":[{"count":3,"href":"https:\/\/wszufladzie.com.pl\/index.php?rest_route=\/wp\/v2\/pages\/11\/revisions"}],"predecessor-version":[{"id":25,"href":"https:\/\/wszufladzie.com.pl\/index.php?rest_route=\/wp\/v2\/pages\/11\/revisions\/25"}],"wp:attachment":[{"href":"https:\/\/wszufladzie.com.pl\/index.php?rest_route=%2Fwp%2Fv2%2Fmedia&parent=11"}],"curies":[{"name":"wp","href":"https:\/\/api.w.org\/{rel}","templated":true}]}}